{"id":2280,"date":"2021-04-19T17:37:25","date_gmt":"2021-04-19T15:37:25","guid":{"rendered":"http:\/\/citybee.flairdigital.co\/?page_id=2280"},"modified":"2023-01-18T10:25:55","modified_gmt":"2023-01-18T08:25:55","slug":"slapuku-politika","status":"publish","type":"page","link":"https:\/\/citybee.lt\/lt\/slapuku-politika\/","title":{"rendered":"Slapuk\u0173 politika"},"content":{"rendered":"<p><strong>Kas yra slapukai?<\/strong><\/p>\n<p>Slapukas yra nedidel\u0117 teksto rinkmena, kuri\u0105 svetain\u0117 jums joje apsilankius i\u0161saugo j\u016bs\u0173 kompiuteryje arba judriojo ry\u0161io \u012frenginyje. D\u0117l jo interneto svetain\u0117 gali tam tikr\u0105 laik\u0105 \u201eatsiminti\u201c j\u016bs\u0173 veiksmus ir parinktis (pvz., registracijos vard\u0105, kalb\u0105, \u0161rifto dyd\u012f ir kitas rodymo parinktis), o jums nereikia j\u0173 i\u0161 naujo \u012fvedin\u0117ti kaskart lankantis svetain\u0117je ar nar\u0161ant \u012fvairiuose jos puslapiuose.<\/p>\n<p><strong>Kaip UAB Prime Leasing\u00a0<\/strong><strong>(toliau \u2013 Bendrov\u0117) naudoja slapukus?<\/strong><\/p>\n<p><a href=\"http:\/\/www.citybee.lt\/\">www.citybee.lt<\/a>\u00a0naudoja slapukus, kad surinkt\u0173 J\u016bs\u0173 IP adreso ir nar\u0161ymo informacij\u0105, toki\u0105 kaip aplankytos interneto svetain\u0117s ar kiekviename tinklapyje praleistas laikas. Tai leid\u017eia interneto svetainei prisiminti J\u016bs\u0173 sistem\u0105 ir nustatymus.<\/p>\n<p>Apsilankius m\u016bs\u0173 interneto svetain\u0117je, J\u016bs\u0173 \u012frenginyje yra \u012fdiegiami tik b\u016btinieji slapukai, visi kiti slapukai gali b\u016bti \u012fdiegti tik Jums pasirinkus slapuk\u0173 \u012frankyje. Pa\u017eym\u0117tina, kad jei i\u0161jungiate slapukus savo nar\u0161ykl\u0117je, kai kurios svetain\u0117s funkcijos gali i\u0161 dalies arba visi\u0161kai neveikti.<\/p>\n<p><strong>Google Analytics ir AdWords<\/strong><\/p>\n<p>\u201eGoogle Analytics\u201c slapukai naudojami \u012fvairioms j\u0173 paslaugoms ir reklamos tikslais. Slapukai renka \u012fvairi\u0105 informacij\u0105 apie vartotojus ir yra naudojami siekiant atskirti unikalius vartotojus, priskiriant jiems unikal\u0173 identifikatori\u0173 (ID).<\/p>\n<p>Kiti slapukai leid\u017eia Bendrovei steb\u0117ti svetain\u0117s srautus ir vartotoj\u0173 veiksmus svetain\u0117je \u2013 Bendrov\u0117 \u0161iuos duomenis naudoja lankytoj\u0173 elgesio analizei bei tam, kad pagerint\u0173 lankymosi svetain\u0117je patirt\u012f. \u0160ie slapukai yra \u012fdiegiami ir naudojami \u201eGoogle Analytics\u201c \u012frankio pagalba.<\/p>\n<p>\u201eGoogle\u201c \u012fvairiai naudoja slapukus. Pavyzd\u017eiui, naudojant pakartotin\u0119 rinkodar\u0105, Adwords ir Google Analytics slapukai naudojami rodant skelbimus arba stebint j\u016bs\u0173 pasirinkimus.<\/p>\n<p>Slapuk\u0173 gauta informacija apie naudojim\u0105si interneto svetaine \u2013 standartin\u0117 interneto \u017eurnalo informacija (\u012fskaitant j\u016bs\u0173 IP adres\u0105) ir anonimin\u0117 informacija apie lankytojo elges\u012f.<\/p>\n<p><strong>Facebook Pixel<\/strong><\/p>\n<p>\u201eGoogle Analytics\u201c\u201eFacebook Pixel\u201d, \u201eAdwords\u201c ir \u201eDoubleclick\u201c mes naudojame kaip analiz\u0117s \u012frank\u012f, leid\u017eiant\u012f \u012fvertinti reklamos efektyvum\u0105, suprasdamas veiksmus, kuriuos atliekate m\u016bs\u0173 svetain\u0117je. Mums padeda steb\u0117ti reklamas, optimizuoti jas pagal surinktus duomenis, kurti tikslines auditorijas b\u016bsimoms reklamoms ir pakartotin\u0117s rinkodaros pasi\u016blymus potencialiems klientams \u2013 \u017emon\u0117ms, kurie jau \u0117m\u0117si tam tikr\u0173 veiksm\u0173 m\u016bs\u0173 svetain\u0117je.<\/p>\n<script id=\"CookieDeclaration\" src=\"https:\/\/consent.cookiebot.com\/9cce04af-1c96-4111-9154-ecce4dc22da7\/cd.js\" type=\"text\/javascript\" data-culture=\"lt\" async><\/script>\n<div>\n<div class=\"CookieDeclaration\" dir=\"ltr\" lang=\"lt\">\n<p class=\"CookieDeclarationDialogText\"><strong>Kaip valdyti slapukus?<\/strong><\/p>\n<\/div>\n<\/div>\n<p>Galite i\u0161trinti visus J\u016bs\u0173 \u012frenginyje jau esan\u010dius slapukus; be to, daugumoje nar\u0161ykli\u0173 galite nustatyti, kad jos neleist\u0173 \u012fdiegti slapuk\u0173. Ta\u010diau jei tai padarysite, gali tekti rankiniu b\u016bdu \u012fvesti savo pageidaujamus nustatymus kaskart apsilankius interneto svetain\u0117je. Be to, kai kurios paslaugos ir funkcijos gali neveikti. J\u016bs galite bet kada vos panor\u0117j\u0119 valdyti ir \/ arba i\u0161trinti pagal savo pageidavimus. Daugumoje nar\u0161ykli\u0173 galite nustatyti, kad slapukai neb\u016bt\u0173 \u012fra\u0161omi.<\/p>\n<p><strong>Slapuk\u0173 valdymas j\u016bs\u0173 nar\u0161ykl\u0117je<\/strong><\/p>\n<p>Daugumoje nar\u0161ykli\u0173 galima:<\/p>\n<ul>\n<li>patikrinti, kokie slapukai yra \u012fra\u0161yti, ir i\u0161trinti atskirus slapukus;<\/li>\n<li>blokuoti tre\u010di\u0173j\u0173 \u0161ali\u0173 slapukus;<\/li>\n<li>blokuoti slapukus i\u0161 konkre\u010di\u0173 interneto svetaini\u0173;<\/li>\n<li>blokuoti vis\u0173 slapuk\u0173 siuntim\u0105;<\/li>\n<li>u\u017edarant nar\u0161ykl\u0119 i\u0161trinti visus slapukus.<\/li>\n<\/ul>\n<p>Jei pasirinkote i\u0161trinti slapukus, nepamir\u0161kite, kad bus pa\u0161alintos ir visos nustatytos parinktys. Be to, visi\u0161kai u\u017eblokavus slapukus, daug interneto svetaini\u0173 (\u012fskaitant m\u016bs\u0173 svetain\u0119) neveiks tinkamai arba visi\u0161kai neveiks nar\u0161ymas svetain\u0117je. D\u0117l \u0161i\u0173 prie\u017eas\u010di\u0173 nerekomenduojame i\u0161jungti slapuk\u0173, kai naudojat\u0117s m\u016bs\u0173 interneto svetaine.<\/p>\n<ul>\n<li><a href=\"https:\/\/support.google.com\/accounts\/answer\/32050?co=GENIE.Platform%3DDesktop&amp;hl=lt\">Chrome<\/a><\/li>\n<li><a href=\"https:\/\/support.microsoft.com\/lt-lt\/help\/10607\/microsoft-edge-view-delete-browser-history\">Microsoft Edge<\/a><\/li>\n<li><a href=\"https:\/\/support.mozilla.org\/lt\/kb\/Slapuk%C5%B3%20%C5%A1alinimas\">Firefox<\/a><\/li>\n<li><a href=\"https:\/\/support.apple.com\/kb\/ph21411?locale=en_US\">Safari<\/a><\/li>\n<li><a href=\"https:\/\/www.opera.com\/help\/tutorials\/security\/privacy\/\">Opera<\/a><\/li>\n<\/ul>\n<p><strong>Pasirinkimas \u201enesekti\u201c<\/strong><\/p>\n<p>Technologija \u201enesekti\u201c suteikia lankytojams galimyb\u0119 neleisti j\u0173 sekti interneto svetain\u0117se jokiais tikslais, be kita ko, analizei, reklamai ir socialini\u0173 platform\u0173 reikm\u0117ms. Kaip savo nar\u0161ykl\u0117je \u012fjungti parinkt\u012f \u201enesekti\u201c:<\/p>\n<ul>\n<li><a href=\"https:\/\/support.google.com\/chrome\/answer\/114836?hl=lt&amp;ref_topic=3421433\">Chrome<\/a><\/li>\n<li><a href=\"https:\/\/privacy.microsoft.com\/lt-lt\/windows-10-microsoft-edge-and-privacy\">Microsoft Edge<\/a><\/li>\n<li><a href=\"https:\/\/support.mozilla.org\/lt\/kb\/nurodyti-svetainems-kad-jos-jusu-nestebetu\">Firefox<\/a><\/li>\n<li><a title=\"Safari\" href=\"http:\/\/help.apple.com\/safari\/mac\/9.0\/#\/sfri40732\">Safari<\/a><\/li>\n<li><a href=\"http:\/\/help.opera.com\/Windows\/12.10\/en\/notrack.html\">Opera<\/a><\/li>\n<\/ul>\n<p><strong>Kas turi prieig\u0105 prie J\u016bs\u0173 duomen\u0173?<\/strong><\/p>\n<p>Prieig\u0105 prie statistini\u0173 duomen\u0173 apie Bendrov\u0117s lankytojus turi Bendrov\u0117s darbuotojai, kurie yra atsakingi u\u017e \u0161i\u0173 duomen\u0173 analiz\u0119 ir interneto svetain\u0117s tobulinim\u0105.<\/p>\n<p>Taip pat, prieig\u0105 prie technini\u0173 \u012fra\u0161\u0173 gali tur\u0117ti Bendrov\u0117s partneriai, kurie teikia Bendrovei interneto svetain\u0117s turinio valdymo \u012frankius arba Bendrov\u0117s svetain\u0117s talpinimo (angl. hosting) paslaugas.<\/p>\n<p>\u201eGoogle Analytics\u201c, \u201eAdwords, \u201eDoubleclick\u201c \u012frankius suteikia \u012fmon\u0117 \u201eGoogle\u201c (JAV \u012fmon\u0117), tad ji taip pat turi prieig\u0105 prie \u0161iuo \u012frankiu surinkt\u0173 duomen\u0173. \u201eGoogle\u201c yra \u012fsipareigojusi taikyti ES \u2013 JAV Privatumo skydo principus, kurie u\u017etikrina, kad paslaug\u0173 teik\u0117jas atitinka ES privatumo standart\u0173 reikalavimams. \u0160iam teik\u0117jui taip pat taikomi sutartiniai \u012fpareigojimai u\u017etikrinti privatum\u0105. Apie tai galite pla\u010diau skaityti \u010dia:\u00a0<a href=\"https:\/\/www.google.com\/analytics\/terms\/dpa\/dataprocessingamendment_20160909.Html\">https:\/\/www.google.com\/analytics\/terms\/dpa\/dataprocessingamendment_20160909.Html<\/a><\/p>\n<p>\u201eFacebook Pixel\u201c \u012frank\u012f suteikia \u012fmon\u0117 \u201eFacebook\u201c, tod\u0117l ji turi prieig\u0105 prie \u0161iuo \u012frankiu surinkt\u0173 statistini\u0173 duomen\u0173. \u201eFacebook\u201c u\u017etikrina, kad atitinka taikomiems BDAR reikalavimams. Apie tai galite pla\u010diau skaityti \u010dia:\u00a0<a href=\"https:\/\/developers.facebook.com\/docs\/facebook-pixel\/implementation\/gdpr\">https:\/\/developers.facebook.com\/docs\/facebook-pixel\/implementation\/gdpr<\/a><\/p>\n<p><strong>J\u016bs\u0173 teis\u0117s ir kaip galite jomis pasinaudoti<\/strong><\/p>\n<p>Susisiek\u0119 su Bendrove el. pa\u0161tu\u00a0<a href=\"mailto:info@citybee.lt\">info@citybee.lt<\/a>\u00a0arba kitais nurodytais Bendrov\u0117s kontaktais, galite pasinaudoti savo teis\u0117mis, taip pat ir susijusiomis su asmens duomen\u0173 tvarkymu panaudojant slapukus. Pra\u0161ym\u0105 tur\u0117tum\u0117te pateikti kartu su asmens tapatyb\u0119 patvirtinan\u010diu dokumentu arba teis\u0117s akt\u0173 nustatyta tvarka elektronini\u0173 ry\u0161i\u0173 priemon\u0117mis, kurios leid\u017eia tinkamai identifikuoti asmen\u012f, patvirtinus savo asmens tapatyb\u0119.<\/p>\n<p>J\u016bs\u0173 teis\u0117s:<\/p>\n<ul type=\"square\">\n<li>susipa\u017einti su tvarkomais J\u016bs\u0173 asmens duomenimis;<\/li>\n<li>pra\u0161yti i\u0161taisyti J\u016bs\u0173 asmens duomenis;<\/li>\n<li>pra\u0161yti i\u0161trinti J\u016bs\u0173 asmens duomenis;<\/li>\n<li>jei taikytina, at\u0161aukti sutikim\u0105 leisti tvarkyti J\u016bs\u0173 asmens duomenis;<\/li>\n<li>jei taikytina \u2013 teis\u0119 \u012f duomen\u0173 perkeliamum\u0105.<\/li>\n<\/ul>\n<p>Kai kuriais atvejais J\u016bs galite tur\u0117ti teis\u0119 pra\u0161yti apriboti J\u016bs\u0173 asmens duomen\u0173 tvarkym\u0105 arba nesutikti, kad b\u016bt\u0173 tvarkomi J\u016bs\u0173 asmens duomenys.<\/p>\n<p>Jums papra\u0161ius, J\u016bs\u0173 asmens duomenys bus i\u0161trinami, Bendrov\u0117 i\u0161saugos tik tokios informacijos kopijas, kurios yra b\u016btinos siekiant apsaugoti tre\u010di\u0173j\u0173 \u0161ali\u0173 teis\u0117tus interesus, laikytis valstyb\u0117s institucij\u0173 \u012fpareigojim\u0173, spr\u0119sti gin\u010dus, atpa\u017einti trikd\u017eius.<\/p>\n<p><strong>Teis\u0117 pateikti skund\u0105<\/strong><\/p>\n<p>Jei manote, kad buvo pa\u017eeistos J\u016bs\u0173 teis\u0117s \u012f privatum\u0105, galite kreiptis \u012f Bendrov\u0119 el. pa\u0161tu\u00a0<a href=\"mailto:info@xxxx.lt\">info@citybee.lt<\/a>\u00a0Taip pat galite pateikti skund\u0105 Valstybinei duomen\u0173 apsaugos inspekcijai arba galite kreiptis \u012f teism\u0105.<\/p>\n","protected":false},"excerpt":{"rendered":"<p>Kas yra slapukai? Slapukas yra nedidel\u0117 teksto rinkmena, kuri\u0105 svetain\u0117 jums joje apsilankius i\u0161saugo j\u016bs\u0173 kompiuteryje arba judriojo ry\u0161io \u012frenginyje. D\u0117l jo interneto svetain\u0117 gali tam tikr\u0105 laik\u0105 \u201eatsiminti\u201c j\u016bs\u0173 veiksmus ir parinktis (pvz., registracijos vard\u0105, kalb\u0105, \u0161rifto dyd\u012f ir kitas rodymo parinktis), o jums nereikia j\u0173 i\u0161 naujo \u012fvedin\u0117ti kaskart lankantis svetain\u0117je ar nar\u0161ant [&hellip;]<\/p>\n","protected":false},"author":1,"featured_media":0,"parent":0,"menu_order":0,"comment_status":"closed","ping_status":"closed","template":"template-legal-v2.blade.php","meta":{"_acf_changed":false,"inline_featured_image":false,"footnotes":""},"class_list":["post-2280","page","type-page","status-publish","hentry"],"acf":[],"yoast_head":"<!-- This site is optimized with the Yoast SEO plugin v25.6 - https:\/\/yoast.com\/wordpress\/plugins\/seo\/ -->\n<title>Slapuk\u0173 politika - CityBee<\/title>\n<meta name=\"robots\" content=\"index, follow, max-snippet:-1, max-image-preview:large, max-video-preview:-1\" \/>\n<link rel=\"canonical\" href=\"https:\/\/citybee.lt\/lt\/slapuku-politika\/\" \/>\n<meta property=\"og:locale\" content=\"lt_LT\" \/>\n<meta property=\"og:type\" content=\"article\" \/>\n<meta property=\"og:title\" content=\"Slapuk\u0173 politika - CityBee\" \/>\n<meta property=\"og:description\" content=\"Kas yra slapukai? Slapukas yra nedidel\u0117 teksto rinkmena, kuri\u0105 svetain\u0117 jums joje apsilankius i\u0161saugo j\u016bs\u0173 kompiuteryje arba judriojo ry\u0161io \u012frenginyje. D\u0117l jo interneto svetain\u0117 gali tam tikr\u0105 laik\u0105 \u201eatsiminti\u201c j\u016bs\u0173 veiksmus ir parinktis (pvz., registracijos vard\u0105, kalb\u0105, \u0161rifto dyd\u012f ir kitas rodymo parinktis), o jums nereikia j\u0173 i\u0161 naujo \u012fvedin\u0117ti kaskart lankantis svetain\u0117je ar nar\u0161ant [&hellip;]\" \/>\n<meta property=\"og:url\" content=\"https:\/\/citybee.lt\/lt\/slapuku-politika\/\" \/>\n<meta property=\"og:site_name\" content=\"CityBee\" \/>\n<meta property=\"article:modified_time\" content=\"2023-01-18T08:25:55+00:00\" \/>\n<meta property=\"og:image\" content=\"https:\/\/citybee.lt\/wp-content\/uploads\/2021\/07\/og2.jpg\" \/>\n\t<meta property=\"og:image:width\" content=\"2400\" \/>\n\t<meta property=\"og:image:height\" content=\"1254\" \/>\n\t<meta property=\"og:image:type\" content=\"image\/jpeg\" \/>\n<meta name=\"twitter:card\" content=\"summary_large_image\" \/>\n<meta name=\"twitter:label1\" content=\"Est. reading time\" \/>\n\t<meta name=\"twitter:data1\" content=\"5 minut\u0117s\" \/>\n<script type=\"application\/ld+json\" class=\"yoast-schema-graph\">{\"@context\":\"https:\/\/schema.org\",\"@graph\":[{\"@type\":\"WebPage\",\"@id\":\"https:\/\/citybee.lt\/lt\/slapuku-politika\/\",\"url\":\"https:\/\/citybee.lt\/lt\/slapuku-politika\/\",\"name\":\"Slapuk\u0173 politika - CityBee\",\"isPartOf\":{\"@id\":\"https:\/\/citybee.lt\/lt\/#website\"},\"datePublished\":\"2021-04-19T15:37:25+00:00\",\"dateModified\":\"2023-01-18T08:25:55+00:00\",\"breadcrumb\":{\"@id\":\"https:\/\/citybee.lt\/lt\/slapuku-politika\/#breadcrumb\"},\"inLanguage\":\"lt-LT\",\"potentialAction\":[{\"@type\":\"ReadAction\",\"target\":[\"https:\/\/citybee.lt\/lt\/slapuku-politika\/\"]}]},{\"@type\":\"BreadcrumbList\",\"@id\":\"https:\/\/citybee.lt\/lt\/slapuku-politika\/#breadcrumb\",\"itemListElement\":[{\"@type\":\"ListItem\",\"position\":1,\"name\":\"Home\",\"item\":\"https:\/\/citybee.lt\/lt\/\"},{\"@type\":\"ListItem\",\"position\":2,\"name\":\"Slapuk\u0173 politika\"}]},{\"@type\":\"WebSite\",\"@id\":\"https:\/\/citybee.lt\/lt\/#website\",\"url\":\"https:\/\/citybee.lt\/lt\/\",\"name\":\"Citybee\",\"description\":\"Automobili\u0173 nuoma\",\"publisher\":{\"@id\":\"https:\/\/citybee.lt\/lt\/#organization\"},\"potentialAction\":[{\"@type\":\"SearchAction\",\"target\":{\"@type\":\"EntryPoint\",\"urlTemplate\":\"https:\/\/citybee.lt\/lt\/?s={search_term_string}\"},\"query-input\":{\"@type\":\"PropertyValueSpecification\",\"valueRequired\":true,\"valueName\":\"search_term_string\"}}],\"inLanguage\":\"lt-LT\"},{\"@type\":\"Organization\",\"@id\":\"https:\/\/citybee.lt\/lt\/#organization\",\"name\":\"Citybee\",\"url\":\"https:\/\/citybee.lt\/lt\/\",\"logo\":{\"@type\":\"ImageObject\",\"inLanguage\":\"lt-LT\",\"@id\":\"https:\/\/citybee.lt\/lt\/#\/schema\/logo\/image\/\",\"url\":\"https:\/\/new.citybee.lt\/wp-content\/uploads\/2021\/06\/citybee-logo.svg\",\"contentUrl\":\"https:\/\/new.citybee.lt\/wp-content\/uploads\/2021\/06\/citybee-logo.svg\",\"width\":\"1024\",\"height\":\"1024\",\"caption\":\"Citybee\"},\"image\":{\"@id\":\"https:\/\/citybee.lt\/lt\/#\/schema\/logo\/image\/\"}}]}<\/script>\n<!-- \/ Yoast SEO plugin. -->","yoast_head_json":{"title":"Slapuk\u0173 politika - CityBee","robots":{"index":"index","follow":"follow","max-snippet":"max-snippet:-1","max-image-preview":"max-image-preview:large","max-video-preview":"max-video-preview:-1"},"canonical":"https:\/\/citybee.lt\/lt\/slapuku-politika\/","og_locale":"lt_LT","og_type":"article","og_title":"Slapuk\u0173 politika - CityBee","og_description":"Kas yra slapukai? Slapukas yra nedidel\u0117 teksto rinkmena, kuri\u0105 svetain\u0117 jums joje apsilankius i\u0161saugo j\u016bs\u0173 kompiuteryje arba judriojo ry\u0161io \u012frenginyje. D\u0117l jo interneto svetain\u0117 gali tam tikr\u0105 laik\u0105 \u201eatsiminti\u201c j\u016bs\u0173 veiksmus ir parinktis (pvz., registracijos vard\u0105, kalb\u0105, \u0161rifto dyd\u012f ir kitas rodymo parinktis), o jums nereikia j\u0173 i\u0161 naujo \u012fvedin\u0117ti kaskart lankantis svetain\u0117je ar nar\u0161ant [&hellip;]","og_url":"https:\/\/citybee.lt\/lt\/slapuku-politika\/","og_site_name":"CityBee","article_modified_time":"2023-01-18T08:25:55+00:00","og_image":[{"width":2400,"height":1254,"url":"https:\/\/citybee.lt\/wp-content\/uploads\/2021\/07\/og2.jpg","type":"image\/jpeg"}],"twitter_card":"summary_large_image","twitter_misc":{"Est. reading time":"5 minut\u0117s"},"schema":{"@context":"https:\/\/schema.org","@graph":[{"@type":"WebPage","@id":"https:\/\/citybee.lt\/lt\/slapuku-politika\/","url":"https:\/\/citybee.lt\/lt\/slapuku-politika\/","name":"Slapuk\u0173 politika - CityBee","isPartOf":{"@id":"https:\/\/citybee.lt\/lt\/#website"},"datePublished":"2021-04-19T15:37:25+00:00","dateModified":"2023-01-18T08:25:55+00:00","breadcrumb":{"@id":"https:\/\/citybee.lt\/lt\/slapuku-politika\/#breadcrumb"},"inLanguage":"lt-LT","potentialAction":[{"@type":"ReadAction","target":["https:\/\/citybee.lt\/lt\/slapuku-politika\/"]}]},{"@type":"BreadcrumbList","@id":"https:\/\/citybee.lt\/lt\/slapuku-politika\/#breadcrumb","itemListElement":[{"@type":"ListItem","position":1,"name":"Home","item":"https:\/\/citybee.lt\/lt\/"},{"@type":"ListItem","position":2,"name":"Slapuk\u0173 politika"}]},{"@type":"WebSite","@id":"https:\/\/citybee.lt\/lt\/#website","url":"https:\/\/citybee.lt\/lt\/","name":"Citybee","description":"Automobili\u0173 nuoma","publisher":{"@id":"https:\/\/citybee.lt\/lt\/#organization"},"potentialAction":[{"@type":"SearchAction","target":{"@type":"EntryPoint","urlTemplate":"https:\/\/citybee.lt\/lt\/?s={search_term_string}"},"query-input":{"@type":"PropertyValueSpecification","valueRequired":true,"valueName":"search_term_string"}}],"inLanguage":"lt-LT"},{"@type":"Organization","@id":"https:\/\/citybee.lt\/lt\/#organization","name":"Citybee","url":"https:\/\/citybee.lt\/lt\/","logo":{"@type":"ImageObject","inLanguage":"lt-LT","@id":"https:\/\/citybee.lt\/lt\/#\/schema\/logo\/image\/","url":"https:\/\/new.citybee.lt\/wp-content\/uploads\/2021\/06\/citybee-logo.svg","contentUrl":"https:\/\/new.citybee.lt\/wp-content\/uploads\/2021\/06\/citybee-logo.svg","width":"1024","height":"1024","caption":"Citybee"},"image":{"@id":"https:\/\/citybee.lt\/lt\/#\/schema\/logo\/image\/"}}]}},"_links":{"self":[{"href":"https:\/\/citybee.lt\/lt\/wp-json\/wp\/v2\/pages\/2280","targetHints":{"allow":["GET"]}}],"collection":[{"href":"https:\/\/citybee.lt\/lt\/wp-json\/wp\/v2\/pages"}],"about":[{"href":"https:\/\/citybee.lt\/lt\/wp-json\/wp\/v2\/types\/page"}],"author":[{"embeddable":true,"href":"https:\/\/citybee.lt\/lt\/wp-json\/wp\/v2\/users\/1"}],"replies":[{"embeddable":true,"href":"https:\/\/citybee.lt\/lt\/wp-json\/wp\/v2\/comments?post=2280"}],"version-history":[{"count":9,"href":"https:\/\/citybee.lt\/lt\/wp-json\/wp\/v2\/pages\/2280\/revisions"}],"predecessor-version":[{"id":9849,"href":"https:\/\/citybee.lt\/lt\/wp-json\/wp\/v2\/pages\/2280\/revisions\/9849"}],"wp:attachment":[{"href":"https:\/\/citybee.lt\/lt\/wp-json\/wp\/v2\/media?parent=2280"}],"curies":[{"name":"wp","href":"https:\/\/api.w.org\/{rel}","templated":true}]}}